{"id":326,"date":"2023-08-10T00:06:46","date_gmt":"2023-08-09T22:06:46","guid":{"rendered":"https:\/\/pruebaswhisper.xyz\/saderma\/?post_type=product&#038;p=326"},"modified":"2023-08-24T21:04:26","modified_gmt":"2023-08-24T19:04:26","slug":"tensoderm-contorno-de-ojos-antiarrugas","status":"publish","type":"product","link":"https:\/\/pruebaswhisper.xyz\/saderma\/producto\/tensoderm-contorno-de-ojos-antiarrugas\/","title":{"rendered":"Tensoderm contorno de ojos Antiarrugas"},"content":{"rendered":"","protected":false},"excerpt":{"rendered":"<p>\u203a Aumenta significativamente la s\u00edntesis de col\u00e1geno I, III y IV.<br \/>\n\u203a Estimula la prote\u00edna HSP 47, necesaria para la maduraci\u00f3n y estabilizaci\u00f3n de los col\u00e1genos de I al V.<br \/>\n\u203a Rellena las arugas desde el interior, tanto en la frente como en el contorno de los ojos, para una piel visiblemente m\u00e1s tersa y densa<\/p>\n","protected":false},"featured_media":327,"comment_status":"open","ping_status":"closed","template":"","meta":{"_joinchat":[]},"product_cat":[27,28,26],"product_tag":[],"class_list":["post-326","product","type-product","status-publish","has-post-thumbnail","hentry","product_cat-antiedad","product_cat-hidratacion","product_cat-limpieza"],"_links":{"self":[{"href":"https:\/\/pruebaswhisper.xyz\/saderma\/wp-json\/wp\/v2\/product\/326","targetHints":{"allow":["GET"]}}],"collection":[{"href":"https:\/\/pruebaswhisper.xyz\/saderma\/wp-json\/wp\/v2\/product"}],"about":[{"href":"https:\/\/pruebaswhisper.xyz\/saderma\/wp-json\/wp\/v2\/types\/product"}],"replies":[{"embeddable":true,"href":"https:\/\/pruebaswhisper.xyz\/saderma\/wp-json\/wp\/v2\/comments?post=326"}],"wp:featuredmedia":[{"embeddable":true,"href":"https:\/\/pruebaswhisper.xyz\/saderma\/wp-json\/wp\/v2\/media\/327"}],"wp:attachment":[{"href":"https:\/\/pruebaswhisper.xyz\/saderma\/wp-json\/wp\/v2\/media?parent=326"}],"wp:term":[{"taxonomy":"product_cat","embeddable":true,"href":"https:\/\/pruebaswhisper.xyz\/saderma\/wp-json\/wp\/v2\/product_cat?post=326"},{"taxonomy":"product_tag","embeddable":true,"href":"https:\/\/pruebaswhisper.xyz\/saderma\/wp-json\/wp\/v2\/product_tag?post=326"}],"curies":[{"name":"wp","href":"https:\/\/api.w.org\/{rel}","templated":true}]}}