{"id":371,"date":"2023-08-10T00:34:31","date_gmt":"2023-08-09T22:34:31","guid":{"rendered":"https:\/\/pruebaswhisper.xyz\/saderma\/?post_type=product&#038;p=371"},"modified":"2023-08-24T20:59:02","modified_gmt":"2023-08-24T18:59:02","slug":"hip-x50","status":"publish","type":"product","link":"https:\/\/pruebaswhisper.xyz\/saderma\/producto\/hip-x50\/","title":{"rendered":"HIP-X50"},"content":{"rendered":"","protected":false},"excerpt":{"rendered":"<p>S\u00e9rum despigmentante unificador, aclarante inteligente con afinidad por los receptores MCR1.<\/p>\n<p>No afecta a las c\u00e9lulas no melanog\u00e9nicas. Mejora el tono y aclara las manchas de la piel.<\/p>\n<p>\u203a Acci\u00f3n espec\u00edfica e inteligente<br \/>\n\u203a Act\u00faa \u00fanicamente en aquellas \u00e1reas en las que hay elevada cantidad de melanina, sin afectar las c\u00e9lulas no metanog\u00e9nicas<br \/>\n\u203a Ayuda a aclarar las manchas, unifica el tono de la piel y a prevenir la aparici\u00f3n de nuevas manchas.<\/p>\n","protected":false},"featured_media":372,"comment_status":"open","ping_status":"closed","template":"","meta":{"_joinchat":[]},"product_cat":[29],"product_tag":[],"class_list":["post-371","product","type-product","status-publish","has-post-thumbnail","hentry","product_cat-serum"],"_links":{"self":[{"href":"https:\/\/pruebaswhisper.xyz\/saderma\/wp-json\/wp\/v2\/product\/371","targetHints":{"allow":["GET"]}}],"collection":[{"href":"https:\/\/pruebaswhisper.xyz\/saderma\/wp-json\/wp\/v2\/product"}],"about":[{"href":"https:\/\/pruebaswhisper.xyz\/saderma\/wp-json\/wp\/v2\/types\/product"}],"replies":[{"embeddable":true,"href":"https:\/\/pruebaswhisper.xyz\/saderma\/wp-json\/wp\/v2\/comments?post=371"}],"wp:featuredmedia":[{"embeddable":true,"href":"https:\/\/pruebaswhisper.xyz\/saderma\/wp-json\/wp\/v2\/media\/372"}],"wp:attachment":[{"href":"https:\/\/pruebaswhisper.xyz\/saderma\/wp-json\/wp\/v2\/media?parent=371"}],"wp:term":[{"taxonomy":"product_cat","embeddable":true,"href":"https:\/\/pruebaswhisper.xyz\/saderma\/wp-json\/wp\/v2\/product_cat?post=371"},{"taxonomy":"product_tag","embeddable":true,"href":"https:\/\/pruebaswhisper.xyz\/saderma\/wp-json\/wp\/v2\/product_tag?post=371"}],"curies":[{"name":"wp","href":"https:\/\/api.w.org\/{rel}","templated":true}]}}