{"id":376,"date":"2023-08-10T00:48:25","date_gmt":"2023-08-09T22:48:25","guid":{"rendered":"https:\/\/pruebaswhisper.xyz\/saderma\/?post_type=product&#038;p=376"},"modified":"2023-08-24T20:58:57","modified_gmt":"2023-08-24T18:58:57","slug":"hyderm-advanced","status":"publish","type":"product","link":"https:\/\/pruebaswhisper.xyz\/saderma\/producto\/hyderm-advanced\/","title":{"rendered":"Hyderm Advanced"},"content":{"rendered":"","protected":false},"excerpt":{"rendered":"<p>S\u00e9rum hidratante, antioxidante con \u00e1cidohialur\u00f3nico<\/p>\n<p>Combina la mezcla compleja de amino\u00e1cidos, \u00e1cido hialur\u00f3nico y c\u00e9lulas madre vegetales que imitan el factor de hidrataci\u00f3n natural de la piel, aumentando la capacidad de retenci\u00f3n de humedad.<\/p>\n<p>\u203a Asegura la hidrataci\u00f3n sostenida durante 48 Horas.<br \/>\n\u203a Combate el estr\u00e9s oxidativo inducido por los rayos UVA y algunos contaminantes como BaP (benzoapireno.).<br \/>\n\u203a Ayuda a la construcci\u00f3n de nuevos tejidos.<br \/>\n\u203a Rellena arrugas y corrige la p\u00e9rdida de luminosidad<\/p>\n","protected":false},"featured_media":377,"comment_status":"open","ping_status":"closed","template":"","meta":{"_joinchat":[]},"product_cat":[29],"product_tag":[],"class_list":["post-376","product","type-product","status-publish","has-post-thumbnail","hentry","product_cat-serum"],"_links":{"self":[{"href":"https:\/\/pruebaswhisper.xyz\/saderma\/wp-json\/wp\/v2\/product\/376","targetHints":{"allow":["GET"]}}],"collection":[{"href":"https:\/\/pruebaswhisper.xyz\/saderma\/wp-json\/wp\/v2\/product"}],"about":[{"href":"https:\/\/pruebaswhisper.xyz\/saderma\/wp-json\/wp\/v2\/types\/product"}],"replies":[{"embeddable":true,"href":"https:\/\/pruebaswhisper.xyz\/saderma\/wp-json\/wp\/v2\/comments?post=376"}],"wp:featuredmedia":[{"embeddable":true,"href":"https:\/\/pruebaswhisper.xyz\/saderma\/wp-json\/wp\/v2\/media\/377"}],"wp:attachment":[{"href":"https:\/\/pruebaswhisper.xyz\/saderma\/wp-json\/wp\/v2\/media?parent=376"}],"wp:term":[{"taxonomy":"product_cat","embeddable":true,"href":"https:\/\/pruebaswhisper.xyz\/saderma\/wp-json\/wp\/v2\/product_cat?post=376"},{"taxonomy":"product_tag","embeddable":true,"href":"https:\/\/pruebaswhisper.xyz\/saderma\/wp-json\/wp\/v2\/product_tag?post=376"}],"curies":[{"name":"wp","href":"https:\/\/api.w.org\/{rel}","templated":true}]}}