{"id":290,"date":"2024-08-20T12:27:31","date_gmt":"2024-08-20T17:27:31","guid":{"rendered":"https:\/\/pruebaswhisper.xyz\/zenaturalstore-nuevo\/?page_id=290"},"modified":"2024-08-30T14:23:24","modified_gmt":"2024-08-30T19:23:24","slug":"faqs","status":"publish","type":"page","link":"https:\/\/pruebaswhisper.xyz\/zenaturalstore-nuevo\/index.php\/faqs\/","title":{"rendered":"Faqs"},"content":{"rendered":"\t\t<div data-elementor-type=\"wp-page\" data-elementor-id=\"290\" class=\"elementor elementor-290\" data-elementor-post-type=\"page\">\n\t\t\t\t<div class=\"elementor-element elementor-element-22a938 animated-slow e-flex e-con-boxed elementor-invisible e-con e-parent\" data-id=\"22a938\" data-element_type=\"container\" data-settings=\"{&quot;background_background&quot;:&quot;classic&quot;,&quot;animation&quot;:&quot;fadeIn&quot;,&quot;ekit_has_onepagescroll_dot&quot;:&quot;yes&quot;}\">\n\t\t\t\t\t<div class=\"e-con-inner\">\n\t\t\t\t<div class=\"elementor-element elementor-element-6f1557f4 elementor-icon-list--layout-inline elementor-align-center elementor-list-item-link-full_width elementor-widget elementor-widget-icon-list\" data-id=\"6f1557f4\" data-element_type=\"widget\" data-settings=\"{&quot;ekit_we_effect_on&quot;:&quot;none&quot;}\" data-widget_type=\"icon-list.default\">\n\t\t\t\t<div class=\"elementor-widget-container\">\n\t\t\t<link rel=\"stylesheet\" href=\"https:\/\/pruebaswhisper.xyz\/zenaturalstore-nuevo\/wp-content\/uploads\/elementor\/css\/custom-widget-icon-list.min.css?ver=1738669310\">\t\t<ul class=\"elementor-icon-list-items elementor-inline-items\">\n\t\t\t\t\t\t\t<li class=\"elementor-icon-list-item elementor-inline-item\">\n\t\t\t\t\t\t\t\t\t\t\t<a href=\"https:\/\/pruebaswhisper.xyz\/zenaturalstore-nuevo\/\">\n\n\t\t\t\t\t\t\t\t\t\t\t<span class=\"elementor-icon-list-text\">Inicio<\/span>\n\t\t\t\t\t\t\t\t\t\t\t<\/a>\n\t\t\t\t\t\t\t\t\t<\/li>\n\t\t\t\t\t\t\t\t<li class=\"elementor-icon-list-item elementor-inline-item\">\n\t\t\t\t\t\t\t\t\t\t\t<a href=\"https:\/\/pruebaswhisper.xyz\/zenaturalstore-nuevo\/index.php\/faqs\/\">\n\n\t\t\t\t\t\t\t\t\t\t\t<span class=\"elementor-icon-list-text\">Preguntas frecuentes<\/span>\n\t\t\t\t\t\t\t\t\t\t\t<\/a>\n\t\t\t\t\t\t\t\t\t<\/li>\n\t\t\t\t\t\t<\/ul>\n\t\t\t\t<\/div>\n\t\t\t\t<\/div>\n\t\t\t\t<div class=\"elementor-element elementor-element-5dfa7083 elementor-widget elementor-widget-heading\" data-id=\"5dfa7083\" data-element_type=\"widget\" data-settings=\"{&quot;ekit_we_effect_on&quot;:&quot;none&quot;}\" data-widget_type=\"heading.default\">\n\t\t\t\t<div class=\"elementor-widget-container\">\n\t\t\t<style>\/*! elementor - v3.23.0 - 05-08-2024 *\/\n.elementor-heading-title{padding:0;margin:0;line-height:1}.elementor-widget-heading .elementor-heading-title[class*=elementor-size-]>a{color:inherit;font-size:inherit;line-height:inherit}.elementor-widget-heading .elementor-heading-title.elementor-size-small{font-size:15px}.elementor-widget-heading .elementor-heading-title.elementor-size-medium{font-size:19px}.elementor-widget-heading .elementor-heading-title.elementor-size-large{font-size:29px}.elementor-widget-heading .elementor-heading-title.elementor-size-xl{font-size:39px}.elementor-widget-heading .elementor-heading-title.elementor-size-xxl{font-size:59px}<\/style><h1 class=\"elementor-heading-title elementor-size-default\">Preguntas frecuentes <\/h1>\t\t<\/div>\n\t\t\t\t<\/div>\n\t\t\t\t\t<\/div>\n\t\t\t\t<\/div>\n\t\t<div class=\"elementor-element elementor-element-46a2f788 e-flex e-con-boxed e-con e-parent\" data-id=\"46a2f788\" data-element_type=\"container\" data-settings=\"{&quot;ekit_has_onepagescroll_dot&quot;:&quot;yes&quot;}\">\n\t\t\t\t\t<div class=\"e-con-inner\">\n\t\t<div class=\"elementor-element elementor-element-6a142a8c e-flex e-con-boxed elementor-invisible e-con e-child\" data-id=\"6a142a8c\" data-element_type=\"container\" data-settings=\"{&quot;animation&quot;:&quot;fadeIn&quot;,&quot;ekit_has_onepagescroll_dot&quot;:&quot;yes&quot;}\">\n\t\t\t\t\t<div class=\"e-con-inner\">\n\t\t\t\t<div class=\"elementor-element elementor-element-429a5969 elementor-widget elementor-widget-heading\" data-id=\"429a5969\" data-element_type=\"widget\" data-settings=\"{&quot;ekit_we_effect_on&quot;:&quot;none&quot;}\" data-widget_type=\"heading.default\">\n\t\t\t\t<div class=\"elementor-widget-container\">\n\t\t\t<h3 class=\"elementor-heading-title elementor-size-default\">En Zen Natural Store, queremos que tu experiencia de compra sea lo m\u00e1s f\u00e1cil y satisfactoria posible. Aqu\u00ed respondemos algunas de las preguntas m\u00e1s comunes que recibimos de nuestros clientes. Si tienes alguna duda adicional, no dudes en contactarnos.<\/h3>\t\t<\/div>\n\t\t\t\t<\/div>\n\t\t\t\t\t<\/div>\n\t\t\t\t<\/div>\n\t\t<div class=\"elementor-element elementor-element-2b2101a4 e-flex e-con-boxed elementor-invisible e-con e-child\" data-id=\"2b2101a4\" data-element_type=\"container\" data-settings=\"{&quot;animation&quot;:&quot;fadeIn&quot;,&quot;ekit_has_onepagescroll_dot&quot;:&quot;yes&quot;}\">\n\t\t\t\t\t<div class=\"e-con-inner\">\n\t\t<div class=\"elementor-element elementor-element-653e2d13 e-con-full e-flex e-con e-child\" data-id=\"653e2d13\" data-element_type=\"container\" data-settings=\"{&quot;ekit_has_onepagescroll_dot&quot;:&quot;yes&quot;}\">\n\t\t\t\t<div class=\"elementor-element elementor-element-1cc1f454 elementor-widget elementor-widget-elementskit-accordion\" data-id=\"1cc1f454\" data-element_type=\"widget\" data-settings=\"{&quot;ekit_we_effect_on&quot;:&quot;none&quot;}\" data-widget_type=\"elementskit-accordion.default\">\n\t\t\t\t<div class=\"elementor-widget-container\">\n\t\t\t<div class=\"ekit-wid-con\" >\n        <div class=\"elementskit-accordion accoedion-primary\" id=\"accordion-69d8cfc530ceb\">\n\n            \n                <div class=\"elementskit-card \">\n                    <div class=\"elementskit-card-header\" id=\"primaryHeading-0-1cc1f454\">\n                        <a href=\"#collapse-233ffb969d8cfc530ceb\" class=\"ekit-accordion--toggler elementskit-btn-link collapsed\" data-ekit-toggle=\"collapse\" data-target=\"#Collapse-233ffb969d8cfc530ceb\" aria-expanded=\"false\" aria-controls=\"Collapse-233ffb969d8cfc530ceb\">\n                            \n                            <span class=\"ekit-accordion-title\">\u00bfLos productos son 100% naturales?<\/span>\n\n                            \n                                <div class=\"ekit_accordion_icon_group\">\n                                    <div class=\"ekit_accordion_normal_icon\">\n                                        <!-- Normal Icon -->\n                                        <i aria-hidden=\"true\" class=\"icon-open icon-right icon icon-right-arrow\"><\/i>                                    <\/div>\n\n                                    <div class=\"ekit_accordion_active_icon\">\n                                        <!-- Active Icon -->\n                                        <i aria-hidden=\"true\" class=\"icon-closed icon-right icon icon-download-arrow\"><\/i>                                    <\/div>\n\n                                <\/div>\n\n                            \n                                                    <\/a>\n                    <\/div>\n\n                    <div id=\"Collapse-233ffb969d8cfc530ceb\" class=\" collapse\" aria-labelledby=\"primaryHeading-0-1cc1f454\" data-parent=\"#accordion-69d8cfc530ceb\">\n\n                        <div class=\"elementskit-card-body ekit-accordion--content\">\n                            <p>S\u00ed, todos nuestros productos est\u00e1n formulados con ingredientes 100% naturales y libres de qu\u00edmicos da\u00f1inos.<\/p>                        <\/div>\n\n                    <\/div>\n\n                <\/div><!-- .elementskit-card END -->\n\n                \n                <div class=\"elementskit-card active\">\n                    <div class=\"elementskit-card-header\" id=\"primaryHeading-1-1cc1f454\">\n                        <a href=\"#collapse-d020d1e69d8cfc530ceb\" class=\"ekit-accordion--toggler elementskit-btn-link collapsed\" data-ekit-toggle=\"collapse\" data-target=\"#Collapse-d020d1e69d8cfc530ceb\" aria-expanded=\"true\" aria-controls=\"Collapse-d020d1e69d8cfc530ceb\">\n                            \n                            <span class=\"ekit-accordion-title\">\u00bfC\u00f3mo funciona la pol\u00edtica de devoluciones?<\/span>\n\n                            \n                                <div class=\"ekit_accordion_icon_group\">\n                                    <div class=\"ekit_accordion_normal_icon\">\n                                        <!-- Normal Icon -->\n                                        <i aria-hidden=\"true\" class=\"icon-open icon-right icon icon-right-arrow\"><\/i>                                    <\/div>\n\n                                    <div class=\"ekit_accordion_active_icon\">\n                                        <!-- Active Icon -->\n                                        <i aria-hidden=\"true\" class=\"icon-closed icon-right icon icon-download-arrow\"><\/i>                                    <\/div>\n\n                                <\/div>\n\n                            \n                                                    <\/a>\n                    <\/div>\n\n                    <div id=\"Collapse-d020d1e69d8cfc530ceb\" class=\" show collapse\" aria-labelledby=\"primaryHeading-1-1cc1f454\" data-parent=\"#accordion-69d8cfc530ceb\">\n\n                        <div class=\"elementskit-card-body ekit-accordion--content\">\n                            <p>Ofrecemos devoluciones gratuitas dentro de los primeros 30 d\u00edas si no est\u00e1s satisfecho con tu compra<\/p>                        <\/div>\n\n                    <\/div>\n\n                <\/div><!-- .elementskit-card END -->\n\n                \n                <div class=\"elementskit-card \">\n                    <div class=\"elementskit-card-header\" id=\"primaryHeading-2-1cc1f454\">\n                        <a href=\"#collapse-a0040c369d8cfc530ceb\" class=\"ekit-accordion--toggler elementskit-btn-link collapsed\" data-ekit-toggle=\"collapse\" data-target=\"#Collapse-a0040c369d8cfc530ceb\" aria-expanded=\"false\" aria-controls=\"Collapse-a0040c369d8cfc530ceb\">\n                            \n                            <span class=\"ekit-accordion-title\">\u00bfCu\u00e1nto tiempo tarda el env\u00edo?<\/span>\n\n                            \n                                <div class=\"ekit_accordion_icon_group\">\n                                    <div class=\"ekit_accordion_normal_icon\">\n                                        <!-- Normal Icon -->\n                                        <i aria-hidden=\"true\" class=\"icon-open icon-right icon icon-right-arrow\"><\/i>                                    <\/div>\n\n                                    <div class=\"ekit_accordion_active_icon\">\n                                        <!-- Active Icon -->\n                                        <i aria-hidden=\"true\" class=\"icon-closed icon-right icon icon-download-arrow\"><\/i>                                    <\/div>\n\n                                <\/div>\n\n                            \n                                                    <\/a>\n                    <\/div>\n\n                    <div id=\"Collapse-a0040c369d8cfc530ceb\" class=\" collapse\" aria-labelledby=\"primaryHeading-2-1cc1f454\" data-parent=\"#accordion-69d8cfc530ceb\">\n\n                        <div class=\"elementskit-card-body ekit-accordion--content\">\n                            <p>El env\u00edo est\u00e1ndar toma entre 3 y 5 d\u00edas h\u00e1biles, dependiendo de tu ubicaci\u00f3n.<\/p>                        <\/div>\n\n                    <\/div>\n\n                <\/div><!-- .elementskit-card END -->\n\n                \n                <div class=\"elementskit-card \">\n                    <div class=\"elementskit-card-header\" id=\"primaryHeading-3-1cc1f454\">\n                        <a href=\"#collapse-872c61469d8cfc530ceb\" class=\"ekit-accordion--toggler elementskit-btn-link collapsed\" data-ekit-toggle=\"collapse\" data-target=\"#Collapse-872c61469d8cfc530ceb\" aria-expanded=\"false\" aria-controls=\"Collapse-872c61469d8cfc530ceb\">\n                            \n                            <span class=\"ekit-accordion-title\">\u00bfC\u00f3mo puedo saber qu\u00e9 producto es el adecuado para m\u00ed?<\/span>\n\n                            \n                                <div class=\"ekit_accordion_icon_group\">\n                                    <div class=\"ekit_accordion_normal_icon\">\n                                        <!-- Normal Icon -->\n                                        <i aria-hidden=\"true\" class=\"icon-open icon-right icon icon-right-arrow\"><\/i>                                    <\/div>\n\n                                    <div class=\"ekit_accordion_active_icon\">\n                                        <!-- Active Icon -->\n                                        <i aria-hidden=\"true\" class=\"icon-closed icon-right icon icon-download-arrow\"><\/i>                                    <\/div>\n\n                                <\/div>\n\n                            \n                                                    <\/a>\n                    <\/div>\n\n                    <div id=\"Collapse-872c61469d8cfc530ceb\" class=\" collapse\" aria-labelledby=\"primaryHeading-3-1cc1f454\" data-parent=\"#accordion-69d8cfc530ceb\">\n\n                        <div class=\"elementskit-card-body ekit-accordion--content\">\n                            <p>Puedes consultar nuestras gu\u00edas de productos o contactar a nuestro equipo de soporte para recibir recomendaciones personalizadas.<\/p>                        <\/div>\n\n                    <\/div>\n\n                <\/div><!-- .elementskit-card END -->\n\n                        <\/div>\n    <\/div>\t\t<\/div>\n\t\t\t\t<\/div>\n\t\t\t\t<\/div>\n\t\t<div class=\"elementor-element elementor-element-58318a81 e-con-full e-flex e-con e-child\" data-id=\"58318a81\" data-element_type=\"container\" data-settings=\"{&quot;ekit_has_onepagescroll_dot&quot;:&quot;yes&quot;}\">\n\t\t\t\t<div class=\"elementor-element elementor-element-2b929e0e elementor-widget elementor-widget-elementskit-accordion\" data-id=\"2b929e0e\" data-element_type=\"widget\" data-settings=\"{&quot;ekit_we_effect_on&quot;:&quot;none&quot;}\" data-widget_type=\"elementskit-accordion.default\">\n\t\t\t\t<div class=\"elementor-widget-container\">\n\t\t\t<div class=\"ekit-wid-con\" >\n        <div class=\"elementskit-accordion accoedion-primary\" id=\"accordion-69d8cfc5316d5\">\n\n            \n                <div class=\"elementskit-card \">\n                    <div class=\"elementskit-card-header\" id=\"primaryHeading-0-2b929e0e\">\n                        <a href=\"#collapse-233ffb969d8cfc5316d5\" class=\"ekit-accordion--toggler elementskit-btn-link collapsed\" data-ekit-toggle=\"collapse\" data-target=\"#Collapse-233ffb969d8cfc5316d5\" aria-expanded=\"false\" aria-controls=\"Collapse-233ffb969d8cfc5316d5\">\n                            \n                            <span class=\"ekit-accordion-title\">\u00bfLos productos tienen certificaci\u00f3n org\u00e1nica?<\/span>\n\n                            \n                                <div class=\"ekit_accordion_icon_group\">\n                                    <div class=\"ekit_accordion_normal_icon\">\n                                        <!-- Normal Icon -->\n                                        <i aria-hidden=\"true\" class=\"icon-open icon-right icon icon-right-arrow\"><\/i>                                    <\/div>\n\n                                    <div class=\"ekit_accordion_active_icon\">\n                                        <!-- Active Icon -->\n                                        <i aria-hidden=\"true\" class=\"icon-closed icon-right icon icon-download-arrow\"><\/i>                                    <\/div>\n\n                                <\/div>\n\n                            \n                                                    <\/a>\n                    <\/div>\n\n                    <div id=\"Collapse-233ffb969d8cfc5316d5\" class=\" collapse\" aria-labelledby=\"primaryHeading-0-2b929e0e\" data-parent=\"#accordion-69d8cfc5316d5\">\n\n                        <div class=\"elementskit-card-body ekit-accordion--content\">\n                            <p>S\u00ed, muchos de nuestros productos cuentan con certificaciones org\u00e1nicas y cumplen con est\u00e1ndares de calidad que garantizan su origen natural y libre de pesticidas.<\/p>                        <\/div>\n\n                    <\/div>\n\n                <\/div><!-- .elementskit-card END -->\n\n                \n                <div class=\"elementskit-card active\">\n                    <div class=\"elementskit-card-header\" id=\"primaryHeading-1-2b929e0e\">\n                        <a href=\"#collapse-d020d1e69d8cfc5316d5\" class=\"ekit-accordion--toggler elementskit-btn-link collapsed\" data-ekit-toggle=\"collapse\" data-target=\"#Collapse-d020d1e69d8cfc5316d5\" aria-expanded=\"true\" aria-controls=\"Collapse-d020d1e69d8cfc5316d5\">\n                            \n                            <span class=\"ekit-accordion-title\">\u00bfC\u00f3mo puedo rastrear mi pedido?<\/span>\n\n                            \n                                <div class=\"ekit_accordion_icon_group\">\n                                    <div class=\"ekit_accordion_normal_icon\">\n                                        <!-- Normal Icon -->\n                                        <i aria-hidden=\"true\" class=\"icon-open icon-right icon icon-right-arrow\"><\/i>                                    <\/div>\n\n                                    <div class=\"ekit_accordion_active_icon\">\n                                        <!-- Active Icon -->\n                                        <i aria-hidden=\"true\" class=\"icon-closed icon-right icon icon-download-arrow\"><\/i>                                    <\/div>\n\n                                <\/div>\n\n                            \n                                                    <\/a>\n                    <\/div>\n\n                    <div id=\"Collapse-d020d1e69d8cfc5316d5\" class=\" show collapse\" aria-labelledby=\"primaryHeading-1-2b929e0e\" data-parent=\"#accordion-69d8cfc5316d5\">\n\n                        <div class=\"elementskit-card-body ekit-accordion--content\">\n                            <p>Una vez que tu pedido sea enviado, recibir\u00e1s un correo electr\u00f3nico con un n\u00famero de seguimiento y un enlace para rastrear tu paquete en tiempo real.<\/p>                        <\/div>\n\n                    <\/div>\n\n                <\/div><!-- .elementskit-card END -->\n\n                \n                <div class=\"elementskit-card \">\n                    <div class=\"elementskit-card-header\" id=\"primaryHeading-2-2b929e0e\">\n                        <a href=\"#collapse-a0040c369d8cfc5316d5\" class=\"ekit-accordion--toggler elementskit-btn-link collapsed\" data-ekit-toggle=\"collapse\" data-target=\"#Collapse-a0040c369d8cfc5316d5\" aria-expanded=\"false\" aria-controls=\"Collapse-a0040c369d8cfc5316d5\">\n                            \n                            <span class=\"ekit-accordion-title\">\u00bfOfrecen asesoramiento sobre qu\u00e9 productos elegir?<\/span>\n\n                            \n                                <div class=\"ekit_accordion_icon_group\">\n                                    <div class=\"ekit_accordion_normal_icon\">\n                                        <!-- Normal Icon -->\n                                        <i aria-hidden=\"true\" class=\"icon-open icon-right icon icon-right-arrow\"><\/i>                                    <\/div>\n\n                                    <div class=\"ekit_accordion_active_icon\">\n                                        <!-- Active Icon -->\n                                        <i aria-hidden=\"true\" class=\"icon-closed icon-right icon icon-download-arrow\"><\/i>                                    <\/div>\n\n                                <\/div>\n\n                            \n                                                    <\/a>\n                    <\/div>\n\n                    <div id=\"Collapse-a0040c369d8cfc5316d5\" class=\" collapse\" aria-labelledby=\"primaryHeading-2-2b929e0e\" data-parent=\"#accordion-69d8cfc5316d5\">\n\n                        <div class=\"elementskit-card-body ekit-accordion--content\">\n                            <p>S\u00ed, nuestro equipo de expertos est\u00e1 disponible para ayudarte a elegir los productos que mejor se adapten a tus necesidades de salud. Puedes contactarnos a trav\u00e9s del chat en l\u00ednea o por correo electr\u00f3nico.<\/p>                        <\/div>\n\n                    <\/div>\n\n                <\/div><!-- .elementskit-card END -->\n\n                \n                <div class=\"elementskit-card \">\n                    <div class=\"elementskit-card-header\" id=\"primaryHeading-3-2b929e0e\">\n                        <a href=\"#collapse-872c61469d8cfc5316d5\" class=\"ekit-accordion--toggler elementskit-btn-link collapsed\" data-ekit-toggle=\"collapse\" data-target=\"#Collapse-872c61469d8cfc5316d5\" aria-expanded=\"false\" aria-controls=\"Collapse-872c61469d8cfc5316d5\">\n                            \n                            <span class=\"ekit-accordion-title\">\u00bfPuedo cancelar o modificar mi pedido despu\u00e9s de realizarlo?<\/span>\n\n                            \n                                <div class=\"ekit_accordion_icon_group\">\n                                    <div class=\"ekit_accordion_normal_icon\">\n                                        <!-- Normal Icon -->\n                                        <i aria-hidden=\"true\" class=\"icon-open icon-right icon icon-right-arrow\"><\/i>                                    <\/div>\n\n                                    <div class=\"ekit_accordion_active_icon\">\n                                        <!-- Active Icon -->\n                                        <i aria-hidden=\"true\" class=\"icon-closed icon-right icon icon-download-arrow\"><\/i>                                    <\/div>\n\n                                <\/div>\n\n                            \n                                                    <\/a>\n                    <\/div>\n\n                    <div id=\"Collapse-872c61469d8cfc5316d5\" class=\" collapse\" aria-labelledby=\"primaryHeading-3-2b929e0e\" data-parent=\"#accordion-69d8cfc5316d5\">\n\n                        <div class=\"elementskit-card-body ekit-accordion--content\">\n                            <p>Si necesitas cancelar o modificar tu pedido, cont\u00e1ctanos lo antes posible. Haremos todo lo posible para atender tu solicitud, siempre y cuando el pedido no haya sido enviado.<\/p>                        <\/div>\n\n                    <\/div>\n\n                <\/div><!-- .elementskit-card END -->\n\n                        <\/div>\n    <\/div>\t\t<\/div>\n\t\t\t\t<\/div>\n\t\t\t\t<\/div>\n\t\t\t\t\t<\/div>\n\t\t\t\t<\/div>\n\t\t\t\t\t<\/div>\n\t\t\t\t<\/div>\n\t\t\t\t<\/div>\n\t\t","protected":false},"excerpt":{"rendered":"<p>Inicio Preguntas frecuentes Preguntas frecuentes En Zen Natural Store, queremos que tu experiencia de compra sea lo m\u00e1s f\u00e1cil y satisfactoria posible. Aqu\u00ed respondemos algunas de las preguntas m\u00e1s comunes que recibimos de nuestros clientes. Si tienes alguna duda adicional, no dudes en contactarnos. \u00bfLos productos son 100% naturales? S\u00ed, todos nuestros productos est\u00e1n formulados [&hellip;]<\/p>\n","protected":false},"author":1,"featured_media":0,"parent":0,"menu_order":0,"comment_status":"closed","ping_status":"closed","template":"elementor_header_footer","meta":{"footnotes":""},"class_list":["post-290","page","type-page","status-publish","hentry"],"_links":{"self":[{"href":"https:\/\/pruebaswhisper.xyz\/zenaturalstore-nuevo\/index.php\/wp-json\/wp\/v2\/pages\/290","targetHints":{"allow":["GET"]}}],"collection":[{"href":"https:\/\/pruebaswhisper.xyz\/zenaturalstore-nuevo\/index.php\/wp-json\/wp\/v2\/pages"}],"about":[{"href":"https:\/\/pruebaswhisper.xyz\/zenaturalstore-nuevo\/index.php\/wp-json\/wp\/v2\/types\/page"}],"author":[{"embeddable":true,"href":"https:\/\/pruebaswhisper.xyz\/zenaturalstore-nuevo\/index.php\/wp-json\/wp\/v2\/users\/1"}],"replies":[{"embeddable":true,"href":"https:\/\/pruebaswhisper.xyz\/zenaturalstore-nuevo\/index.php\/wp-json\/wp\/v2\/comments?post=290"}],"version-history":[{"count":10,"href":"https:\/\/pruebaswhisper.xyz\/zenaturalstore-nuevo\/index.php\/wp-json\/wp\/v2\/pages\/290\/revisions"}],"predecessor-version":[{"id":486,"href":"https:\/\/pruebaswhisper.xyz\/zenaturalstore-nuevo\/index.php\/wp-json\/wp\/v2\/pages\/290\/revisions\/486"}],"wp:attachment":[{"href":"https:\/\/pruebaswhisper.xyz\/zenaturalstore-nuevo\/index.php\/wp-json\/wp\/v2\/media?parent=290"}],"curies":[{"name":"wp","href":"https:\/\/api.w.org\/{rel}","templated":true}]}}